{"id":2,"date":"2013-12-09T13:04:56","date_gmt":"2013-12-09T13:04:56","guid":{"rendered":"http:\/\/zen.kapoan.cz\/?page_id=2"},"modified":"2023-04-21T11:32:43","modified_gmt":"2023-04-21T11:32:43","slug":"sample-page","status":"publish","type":"page","link":"https:\/\/zen.kapoan.cz\/","title":{"rendered":"Program"},"content":{"rendered":"<div style=\"background-color: #f8f6e9; border: 1px solid #eed0bc; padding: 15px;\"><strong><span style=\"color: #008000;\"><a href=\"http:\/\/zen.kapoan.cz\/?page_id=179\"><span style=\"color: #993366;\">ST\u0158EDY A \u010cTVRTKY \u010cchi-kung\/tchaj-\u0165i pro t\u011bhotn\u00e9 a rodi\u010de s mal\u00fdmi d\u011btmi, Roz\u00fdnova 1973\/9, Praha 6<\/span><\/a>\u00a0 \u00a0 \u00a0 \u00a0<\/span><\/strong><strong><span style=\"color: #008000;\"><span style=\"color: #000000;\">17:30 &#8211; 18:30 a 10:00 &#8211; 11:00<\/span><\/span><\/strong><\/div>\n<div style=\"background-color: #f8f6e9; border: 1px solid #eed0bc; padding: 15px;\"><span style=\"color: #ff6600;\"><b>\u00daTERKY a P\u00c1TKY \u010cchi-kung online na ZOOM &#8211; <span style=\"color: #000000;\">19:00 &#8211; 20:00\u00a0<\/span><\/b><\/span><\/div>\n<div style=\"background-color: #f8f6e9; border: 1px solid #eed0bc; padding: 15px;\"><span style=\"color: #333399;\"><b><span style=\"color: #ff9900;\">\u00daTERKY \u010cchi-kung pro seniory na And\u011blu, Na B\u011blidle 34, Praha 5 &#8211;<\/span> <span style=\"color: #000000;\">11:00 &#8211; 12:30 (www.elpida.cz)<\/span><\/b><\/span><\/div>\n<div style=\"background-color: #f8f6e9; border: 1px solid #eed0bc; padding: 15px;\"><span style=\"color: #993300;\"><b><span style=\"color: #3366ff;\">ST\u0158EDY \u010cchi-kung pro seniory v P\u0159\u00edstavu, Jankovcova 8b, Praha 7 &#8211;<\/span> <span style=\"color: #000000;\">9:15 &#8211; 10:45 (https:\/\/www.elpida)<\/span><\/b><\/span><\/div>\n<div style=\"background-color: #f8f6e9; border: 1px solid #eed0bc; padding: 15px;\"><b><span style=\"color: #008000;\">POND\u011aLKY \u010cchi-kung pod Cedrem, Roz\u00fdnova 9, Praha 6 <\/span>&#8211; 18:00 &#8211; 19:00\u00a0<\/b><\/div>\n<div style=\"background-color: #f8f6e9; border: 1px solid #eed0bc; padding: 15px;\"><b style=\"color: initial;\"><span style=\"color: #008000;\"><a href=\"http:\/\/zen.kapoan.cz\/?page_id=694\">\u010cTVRTKY VYPR\u00c1V\u011aN\u00cd POH\u00c1DEK V KOLOB\u011aHU ROKU<\/a> &#8211; <\/span><\/b><b style=\"color: initial;\"><span style=\"color: #008000;\">jak rozum\u011bt cyklu roku a poselstv\u00ed poh\u00e1dek <\/span>&#8211; 18:00 &#8211; 19:30 Ateli\u00e9r Roz\u00fdnka, Roz\u00fdnova 1973\/9, dal\u0161\u00ed setk\u00e1n\u00ed: <span style=\"color: #000000;\">(4. 5., 1. 6., 29. 6., 27. 7., 24. 8., 5. 10.) (www.lyra-symposium.cz)<\/span><\/b><\/div>\n<div>\n<div><\/div>\n<\/div>\n<div style=\"background-color: #f8f6e9; border: 1px solid #eed0bc; padding: 15px;\"><strong><a href=\"http:\/\/zen.kapoan.cz\/?page_id=8\">V\u00fduka hry na lyr<\/a><a href=\"http:\/\/zen.kapoan.cz\/?page_id=12\">u &#8211; <\/a><a href=\"http:\/\/zen.kapoan.cz\/?page_id=12\">\u00a0Roz\u00fdnova 1973\/9\u00a0<\/a><\/strong><\/div>\n<div style=\"background-color: #f8f6e9; border: 1px solid #eed0bc; padding: 15px;\"><b><span style=\"color: #ff99cc;\">SYMPOSIUM ELEMENTY HUDBY s muzikoterapeutkou Gunhildou von Kries<\/span> &#8211; 19. &#8211; 21. 5. 2023\u00a0<\/b><\/div>\n<div><\/div>\n<h2>Zenterapie &#8211; celostn\u00ed p\u00e9\u010de o zdrav\u00ed<\/h2>\n<p>Zen je na\u0161e ka\u017edodennost, kterou pro\u017e\u00edv\u00e1me s uv\u011bdom\u011bn\u00edm. Terra peuth je \u010dlov\u011bk kr\u00e1\u010dej\u00edc\u00ed po Zemi s v\u011bdom\u00edm ka\u017ed\u00e9ho kroku. Celostn\u00ed p\u00e9\u010de je uv\u011bdom\u011bn\u00ed si souvislost\u00ed \u010dlov\u011bka, zem\u011b a vesm\u00edru a momentu &#8220;te\u010f a tady&#8221;. Syst\u00e9m cvi\u010den\u00ed, mas\u00e1\u017ee, stravy, \u017eivotn\u00edho stylu a sebevyj\u00e1d\u0159en\u00ed pomoc\u00ed hlasu je jednou z cest ke zdrav\u00ed. <a title=\"Zenterapie\" href=\"http:\/\/zen.kapoan.cz\/?page_id=316\">V\u00edce&#8230;<\/a><\/p>\n<div style=\"width: 170px; float: left;\"><a href=\"http:\/\/zen.kapoan.cz\/?page_id=179\">Tchaj- ti \u010dchuan <img loading=\"lazy\" class=\"alignnone size-thumbnail wp-image-223\" src=\"http:\/\/zen.kapoan.cz\/wp-content\/uploads\/IMG_4252_scaled-150x150.jpg\" alt=\"IMG_4252_scaled.jpg\" width=\"150\" height=\"150\" \/><\/a><\/div>\n<div style=\"width: 170px; float: left;\"><a href=\"http:\/\/zen.kapoan.cz\/?page_id=181\">Shi-atsu <img loading=\"lazy\" class=\"alignnone size-thumbnail wp-image-127\" src=\"http:\/\/zen.kapoan.cz\/wp-content\/uploads\/031-150x150.jpg\" alt=\"03\" width=\"150\" height=\"150\" \/><\/a><\/div>\n<div style=\"width: 170px; float: left;\"><a href=\"http:\/\/zen.kapoan.cz\/?page_id=183\">\u010cchi-kung <img loading=\"lazy\" class=\"alignnone size-thumbnail wp-image-232\" src=\"http:\/\/zen.kapoan.cz\/wp-content\/uploads\/IMG_4228chikung-150x150.jpg\" alt=\"IMG_4228chikung\" width=\"150\" height=\"150\" \/><\/a><\/div>\n","protected":false},"excerpt":{"rendered":"<p>ST\u0158EDY A \u010cTVRTKY \u010cchi-kung\/tchaj-\u0165i pro t\u011bhotn\u00e9 a rodi\u010de s mal\u00fdmi d\u011btmi, Roz\u00fdnova 1973\/9, Praha 6\u00a0 \u00a0 \u00a0 \u00a017:30 &#8211; 18:30 a 10:00 &#8211; 11:00 \u00daTERKY a P\u00c1TKY \u010cchi-kung online na ZOOM &#8211; 19:00 &#8211; 20:00\u00a0 \u00daTERKY \u010cchi-kung pro seniory na And\u011blu, Na B\u011blidle 34, Praha 5 &#8211; 11:00 &#8211; 12:30 (www.elpida.cz) ST\u0158EDY \u010cchi-kung pro seniory &hellip; <a href=\"https:\/\/zen.kapoan.cz\/\" class=\"more-link\">Continue reading <span class=\"screen-reader-text\">Program<\/span> <span class=\"meta-nav\">&rarr;<\/span><\/a><\/p>\n","protected":false},"author":1,"featured_media":0,"parent":0,"menu_order":0,"comment_status":"closed","ping_status":"open","template":"","meta":[],"_links":{"self":[{"href":"https:\/\/zen.kapoan.cz\/index.php?rest_route=\/wp\/v2\/pages\/2"}],"collection":[{"href":"https:\/\/zen.kapoan.cz\/index.php?rest_route=\/wp\/v2\/pages"}],"about":[{"href":"https:\/\/zen.kapoan.cz\/index.php?rest_route=\/wp\/v2\/types\/page"}],"author":[{"embeddable":true,"href":"https:\/\/zen.kapoan.cz\/index.php?rest_route=\/wp\/v2\/users\/1"}],"replies":[{"embeddable":true,"href":"https:\/\/zen.kapoan.cz\/index.php?rest_route=%2Fwp%2Fv2%2Fcomments&post=2"}],"version-history":[{"count":137,"href":"https:\/\/zen.kapoan.cz\/index.php?rest_route=\/wp\/v2\/pages\/2\/revisions"}],"predecessor-version":[{"id":841,"href":"https:\/\/zen.kapoan.cz\/index.php?rest_route=\/wp\/v2\/pages\/2\/revisions\/841"}],"wp:attachment":[{"href":"https:\/\/zen.kapoan.cz\/index.php?rest_route=%2Fwp%2Fv2%2Fmedia&parent=2"}],"curies":[{"name":"wp","href":"https:\/\/api.w.org\/{rel}","templated":true}]}}